{"id":7111,"date":"2023-07-10T16:50:17","date_gmt":"2023-07-10T14:50:17","guid":{"rendered":"https:\/\/rent-croatia.com\/?page_id=7111"},"modified":"2023-08-02T16:36:19","modified_gmt":"2023-08-02T14:36:19","slug":"uber-uns","status":"publish","type":"page","link":"https:\/\/rent-croatia.com\/de\/uber-uns\/","title":{"rendered":"Uber uns"},"content":{"rendered":"\t\t<div data-elementor-type=\"wp-page\" data-elementor-id=\"7111\" class=\"elementor elementor-7111\">\n\t\t\t\t\t\t<section class=\"elementor-section elementor-top-section elementor-element elementor-element-d821f7e elementor-section-boxed elementor-section-height-default elementor-section-height-default\" data-id=\"d821f7e\" data-element_type=\"section\">\n\t\t\t\t\t\t<div class=\"elementor-container elementor-column-gap-default\">\n\t\t\t\t\t<div class=\"elementor-column elementor-col-100 elementor-top-column elementor-element elementor-element-349fb75\" data-id=\"349fb75\" data-element_type=\"column\">\n\t\t\t<div class=\"elementor-widget-wrap elementor-element-populated\">\n\t\t\t\t\t\t<div class=\"elementor-element elementor-element-e1d88c9 elementor-widget elementor-widget-rhea-agent-profile-widget\" data-id=\"e1d88c9\" data-element_type=\"widget\" data-widget_type=\"rhea-agent-profile-widget.default\">\n\t\t\t\t<div class=\"elementor-widget-container\">\n\t\t\t\t\t        <div class=\"rhea_sa_wrapper  rhea_text_align_initial\">\n            <div class=\"rhea_sa_thumbnail_wrapper\">\n                <div class=\"rhea_sa_thumbnail_box\">\n\t\t\t\t\t<div class=\"rhea_agent_figure\"><img fetchpriority=\"high\" decoding=\"async\" width=\"1696\" height=\"2305\" src=\"https:\/\/rent-croatia.com\/wp-content\/uploads\/2023\/04\/2023-04-21-11-45-36-036.jpg\" class=\"attachment-full size-full wp-image-6638\" alt=\"\" srcset=\"https:\/\/rent-croatia.com\/wp-content\/uploads\/2023\/04\/2023-04-21-11-45-36-036.jpg 1696w, https:\/\/rent-croatia.com\/wp-content\/uploads\/2023\/04\/2023-04-21-11-45-36-036-221x300.jpg 221w, https:\/\/rent-croatia.com\/wp-content\/uploads\/2023\/04\/2023-04-21-11-45-36-036-753x1024.jpg 753w, https:\/\/rent-croatia.com\/wp-content\/uploads\/2023\/04\/2023-04-21-11-45-36-036-768x1044.jpg 768w, https:\/\/rent-croatia.com\/wp-content\/uploads\/2023\/04\/2023-04-21-11-45-36-036-1130x1536.jpg 1130w, https:\/\/rent-croatia.com\/wp-content\/uploads\/2023\/04\/2023-04-21-11-45-36-036-1507x2048.jpg 1507w, https:\/\/rent-croatia.com\/wp-content\/uploads\/2023\/04\/2023-04-21-11-45-36-036-110x150.jpg 110w\" sizes=\"(max-width: 1696px) 100vw, 1696px\" \/><\/div>                <\/div>\n            <\/div>\n            <div class=\"rhea_sa_detail_wrapper\">\n\t\t\t\t                    <span class=\"rhea_sa_designation\">\u00dcBER UNS - RENT CROATIA<\/span>\n\t\t\t\t\t                        <h3 class=\"rhea_sa_title\">\n                            <a href=\"\/de\/uber-uns\/\"\n\t\t                         target=&quot;_blank&quot;  rel=&quot;nofollow&quot;  >\n\t\t                        Ferienwohnungen und Villen in Kroatien                            <\/a>\n\t                                                <\/h3>\n\t\t\t\t\t\t                <div class=\"rhea_sa_detail_wrapper_lg_devices\">\n\t\t\t\t\t                        <div class=\"rhea_sa_detail\"><p>Wir sind ein Paar mit einer Leidenschaft f\u00fcr das Reisen und die Entdeckung neuer Orte. Auf unserer Suche nach Urlaub sind wir auf die malerische kroatische K\u00fcste gesto\u00dfen. Wir verliebten uns in die sch\u00f6nen Str\u00e4nde, das klare Wasser und die malerischen Landschaften. Gemeinsam beschlossen wir, dass wir diese sch\u00f6nen Orte mit anderen Menschen teilen m\u00f6chten, die ebenfalls den Charme Kroatiens genie\u00dfen wollen. Wir haben uns entschieden, hier zu investieren und schufen so eine Sammlung von Immobilien - Wohnungen und Luxusvillen, die wir an G\u00e4ste aus der ganzen Welt vermieten.<\/p><p>Wir k\u00fcmmern uns um jedes Detail, um unseren G\u00e4sten w\u00e4hrend ihres Aufenthalts den bestm\u00f6glichen Service und Komfort zu gew\u00e4hrleisten. Unsere Wohnungen und Villen sind wundersch\u00f6n eingerichtet und mit allem, was Sie brauchen, ausgestattet, um sich wie zu Hause zu f\u00fchlen. Unsere H\u00e4user befinden sich in ruhiger und malerischer Lage, in der N\u00e4he von Str\u00e4nden und Sehensw\u00fcrdigkeiten. Jede Wohnung und Villa ist unterschiedlich gro\u00df und eingerichtet, so dass wir unser Angebot auch auf die Bed\u00fcrfnisse der anspruchsvollsten G\u00e4ste abstimmen k\u00f6nnen.<\/p><p>Wir sorgen daf\u00fcr, dass Sie einen unvergesslichen Urlaub erleben!<\/p><p>Wir geben Ihnen gerne Tipps, welche Orte Sie besuchen, was Sie sehen und wo Sie essen k\u00f6nnen, damit Ihr Urlaub in Kroatien zu einem wundersch\u00f6nen Erfahrung wird. Unsere Leidenschaft f\u00fcr das Reisen und das Kennenlernen anderer Kulturen macht jeden Aufenthalt in unseren H\u00e4usern nicht nur zu einer Erholung, sondern auch zu einem gro\u00dfartigen Erlebnis.<\/p><p>Wenn Sie auf der Suche nach einem perfekten Urlaubsziel sind, an dem Sie sich erholen, sch\u00f6ne Str\u00e4nde, Natursch\u00f6nheiten und eine wunderbare Atmosph\u00e4re genie\u00dfen k\u00f6nnen, dann sind unsere Wohnungen und Villen die perfekte Wahl.<\/p><p>Wir laden Sie herzlich nach Kroatien ein. Wir werden Ihren Aufenthalt zu einem gro\u00dfartigen Erlebnis machen!<\/p><p>Bis bald<\/p><p>Marta &amp; Ryszard<\/p><p>Wir werden Ihren Urlaub grandios machen!<\/p><\/div>\n\t\t\t\t\t\t                        <a class=\"rhea_sa_button\"\n                           href=\"https:\/\/rent-croatia.com\/de\/angebote\/\"\n\t\t\t\t\t\t\t target=&quot;_blank&quot;  rel=&quot;nofollow&quot;  >\n\t\t\t\t\t\t\tPLANEN SIE EINE UNVERGESSLICHE ZEIT                        <\/a>\n\t\t\t\t\t\t                <\/div>\n            <\/div>\n\n            <div class=\"rhea_sa_detail_wrapper_sm_devices\">\n\t\t\t\t                    <div class=\"rhea_sa_detail\"><p>Wir sind ein Paar mit einer Leidenschaft f\u00fcr das Reisen und die Entdeckung neuer Orte. Auf unserer Suche nach Urlaub sind wir auf die malerische kroatische K\u00fcste gesto\u00dfen. Wir verliebten uns in die sch\u00f6nen Str\u00e4nde, das klare Wasser und die malerischen Landschaften. Gemeinsam beschlossen wir, dass wir diese sch\u00f6nen Orte mit anderen Menschen teilen m\u00f6chten, die ebenfalls den Charme Kroatiens genie\u00dfen wollen. Wir haben uns entschieden, hier zu investieren und schufen so eine Sammlung von Immobilien - Wohnungen und Luxusvillen, die wir an G\u00e4ste aus der ganzen Welt vermieten.<\/p><p>Wir k\u00fcmmern uns um jedes Detail, um unseren G\u00e4sten w\u00e4hrend ihres Aufenthalts den bestm\u00f6glichen Service und Komfort zu gew\u00e4hrleisten. Unsere Wohnungen und Villen sind wundersch\u00f6n eingerichtet und mit allem, was Sie brauchen, ausgestattet, um sich wie zu Hause zu f\u00fchlen. Unsere H\u00e4user befinden sich in ruhiger und malerischer Lage, in der N\u00e4he von Str\u00e4nden und Sehensw\u00fcrdigkeiten. Jede Wohnung und Villa ist unterschiedlich gro\u00df und eingerichtet, so dass wir unser Angebot auch auf die Bed\u00fcrfnisse der anspruchsvollsten G\u00e4ste abstimmen k\u00f6nnen.<\/p><p>Wir sorgen daf\u00fcr, dass Sie einen unvergesslichen Urlaub erleben!<\/p><p>Wir geben Ihnen gerne Tipps, welche Orte Sie besuchen, was Sie sehen und wo Sie essen k\u00f6nnen, damit Ihr Urlaub in Kroatien zu einem wundersch\u00f6nen Erfahrung wird. Unsere Leidenschaft f\u00fcr das Reisen und das Kennenlernen anderer Kulturen macht jeden Aufenthalt in unseren H\u00e4usern nicht nur zu einer Erholung, sondern auch zu einem gro\u00dfartigen Erlebnis.<\/p><p>Wenn Sie auf der Suche nach einem perfekten Urlaubsziel sind, an dem Sie sich erholen, sch\u00f6ne Str\u00e4nde, Natursch\u00f6nheiten und eine wunderbare Atmosph\u00e4re genie\u00dfen k\u00f6nnen, dann sind unsere Wohnungen und Villen die perfekte Wahl.<\/p><p>Wir laden Sie herzlich nach Kroatien ein. Wir werden Ihren Aufenthalt zu einem gro\u00dfartigen Erlebnis machen!<\/p><p>Bis bald<\/p><p>Marta &amp; Ryszard<\/p><p>Wir werden Ihren Urlaub grandios machen!<\/p><\/div>\n\t\t\t\t\t                    <a class=\"rhea_sa_button\" href=\"https:\/\/rent-croatia.com\/de\/angebote\/\"\n\t\t\t\t\t\t target=&quot;_blank&quot;  rel=&quot;nofollow&quot;  >\n\t\t\t\t\t\tPLANEN SIE EINE UNVERGESSLICHE ZEIT                    <\/a>\n\t\t\t\t\t            <\/div>\n        <\/div>\n\t\t\t\t\t\t<\/div>\n\t\t\t\t<\/div>\n\t\t\t\t\t<\/div>\n\t\t<\/div>\n\t\t\t\t\t<\/div>\n\t\t<\/section>\n\t\t\t\t<\/div>\n\t\t","protected":false},"excerpt":{"rendered":"<p>\u00dcBER UNS &#8211; RENT CROATIA Ferienwohnungen und Villen in Kroatien Wir sind ein Paar mit einer Leidenschaft f\u00fcr das Reisen und die Entdeckung neuer Orte. Auf unserer Suche nach Urlaub&#8230;<\/p>\n","protected":false},"author":1,"featured_media":0,"parent":0,"menu_order":0,"comment_status":"open","ping_status":"closed","template":"templates\/contact.php","meta":{"footnotes":""},"class_list":["post-7111","page","type-page","status-publish","hentry"],"yoast_head":"<!-- This site is optimized with the Yoast SEO plugin v26.0 - https:\/\/yoast.com\/wordpress\/plugins\/seo\/ -->\n<title>Uber uns - Rent Croatia<\/title>\n<meta name=\"description\" content=\"Wir sind ein Paar mit einer Leidenschaft f\u00fcr das Reisen und das Entdecken neuer Orte. Wir bereiten Ihnen einen unvergesslichen Urlaub! - Rent Croatia\" \/>\n<meta name=\"robots\" content=\"index, follow, max-snippet:-1, max-image-preview:large, max-video-preview:-1\" \/>\n<link rel=\"canonical\" href=\"https:\/\/rent-croatia.com\/de\/uber-uns\/\" \/>\n<meta property=\"og:locale\" content=\"de_DE\" \/>\n<meta property=\"og:type\" content=\"article\" \/>\n<meta property=\"og:title\" content=\"Uber uns - Rent Croatia\" \/>\n<meta property=\"og:description\" content=\"Wir sind ein Paar mit einer Leidenschaft f\u00fcr das Reisen und das Entdecken neuer Orte. Wir bereiten Ihnen einen unvergesslichen Urlaub! - Rent Croatia\" \/>\n<meta property=\"og:url\" content=\"https:\/\/rent-croatia.com\/de\/uber-uns\/\" \/>\n<meta property=\"og:site_name\" content=\"Rent Croatia\" \/>\n<meta property=\"article:modified_time\" content=\"2023-08-02T14:36:19+00:00\" \/>\n<meta property=\"og:image\" content=\"https:\/\/rent-croatia.com\/wp-content\/uploads\/2023\/04\/2023-04-21-11-45-36-036.jpg\" \/>\n<meta name=\"twitter:card\" content=\"summary_large_image\" \/>\n<meta name=\"twitter:label1\" content=\"Gesch\u00e4tzte Lesezeit\" \/>\n\t<meta name=\"twitter:data1\" content=\"4\u00a0Minuten\" \/>\n<script type=\"application\/ld+json\" class=\"yoast-schema-graph\">{\"@context\":\"https:\/\/schema.org\",\"@graph\":[{\"@type\":\"WebPage\",\"@id\":\"https:\/\/rent-croatia.com\/de\/uber-uns\/\",\"url\":\"https:\/\/rent-croatia.com\/de\/uber-uns\/\",\"name\":\"Uber uns - Rent Croatia\",\"isPartOf\":{\"@id\":\"https:\/\/rent-croatia.com\/#website\"},\"primaryImageOfPage\":{\"@id\":\"https:\/\/rent-croatia.com\/de\/uber-uns\/#primaryimage\"},\"image\":{\"@id\":\"https:\/\/rent-croatia.com\/de\/uber-uns\/#primaryimage\"},\"thumbnailUrl\":\"https:\/\/rent-croatia.com\/wp-content\/uploads\/2023\/04\/2023-04-21-11-45-36-036.jpg\",\"datePublished\":\"2023-07-10T14:50:17+00:00\",\"dateModified\":\"2023-08-02T14:36:19+00:00\",\"description\":\"Wir sind ein Paar mit einer Leidenschaft f\u00fcr das Reisen und das Entdecken neuer Orte. Wir bereiten Ihnen einen unvergesslichen Urlaub! - Rent Croatia\",\"breadcrumb\":{\"@id\":\"https:\/\/rent-croatia.com\/de\/uber-uns\/#breadcrumb\"},\"inLanguage\":\"de\",\"potentialAction\":[{\"@type\":\"ReadAction\",\"target\":[\"https:\/\/rent-croatia.com\/de\/uber-uns\/\"]}]},{\"@type\":\"ImageObject\",\"inLanguage\":\"de\",\"@id\":\"https:\/\/rent-croatia.com\/de\/uber-uns\/#primaryimage\",\"url\":\"https:\/\/rent-croatia.com\/wp-content\/uploads\/2023\/04\/2023-04-21-11-45-36-036.jpg\",\"contentUrl\":\"https:\/\/rent-croatia.com\/wp-content\/uploads\/2023\/04\/2023-04-21-11-45-36-036.jpg\"},{\"@type\":\"BreadcrumbList\",\"@id\":\"https:\/\/rent-croatia.com\/de\/uber-uns\/#breadcrumb\",\"itemListElement\":[{\"@type\":\"ListItem\",\"position\":1,\"name\":\"Strona g\u0142\u00f3wna\",\"item\":\"https:\/\/rent-croatia.com\/\"},{\"@type\":\"ListItem\",\"position\":2,\"name\":\"Uber uns\"}]},{\"@type\":\"WebSite\",\"@id\":\"https:\/\/rent-croatia.com\/#website\",\"url\":\"https:\/\/rent-croatia.com\/\",\"name\":\"Rent Croatia\",\"description\":\"Luxury apartments\",\"publisher\":{\"@id\":\"https:\/\/rent-croatia.com\/#organization\"},\"alternateName\":\"Luxury Apartments\",\"potentialAction\":[{\"@type\":\"SearchAction\",\"target\":{\"@type\":\"EntryPoint\",\"urlTemplate\":\"https:\/\/rent-croatia.com\/?s={search_term_string}\"},\"query-input\":{\"@type\":\"PropertyValueSpecification\",\"valueRequired\":true,\"valueName\":\"search_term_string\"}}],\"inLanguage\":\"de\"},{\"@type\":\"Organization\",\"@id\":\"https:\/\/rent-croatia.com\/#organization\",\"name\":\"Rent Croatia\",\"alternateName\":\"Luxury Apartments\",\"url\":\"https:\/\/rent-croatia.com\/\",\"logo\":{\"@type\":\"ImageObject\",\"inLanguage\":\"de\",\"@id\":\"https:\/\/rent-croatia.com\/#\/schema\/logo\/image\/\",\"url\":\"https:\/\/rent-croatia.com\/wp-content\/uploads\/2020\/02\/Rent-Croatia-Luxury-Apartments.png\",\"contentUrl\":\"https:\/\/rent-croatia.com\/wp-content\/uploads\/2020\/02\/Rent-Croatia-Luxury-Apartments.png\",\"width\":606,\"height\":236,\"caption\":\"Rent Croatia\"},\"image\":{\"@id\":\"https:\/\/rent-croatia.com\/#\/schema\/logo\/image\/\"}}]}<\/script>\n<!-- \/ Yoast SEO plugin. -->","yoast_head_json":{"title":"Uber uns - Rent Croatia","description":"Wir sind ein Paar mit einer Leidenschaft f\u00fcr das Reisen und das Entdecken neuer Orte. Wir bereiten Ihnen einen unvergesslichen Urlaub! - Rent Croatia","robots":{"index":"index","follow":"follow","max-snippet":"max-snippet:-1","max-image-preview":"max-image-preview:large","max-video-preview":"max-video-preview:-1"},"canonical":"https:\/\/rent-croatia.com\/de\/uber-uns\/","og_locale":"de_DE","og_type":"article","og_title":"Uber uns - Rent Croatia","og_description":"Wir sind ein Paar mit einer Leidenschaft f\u00fcr das Reisen und das Entdecken neuer Orte. Wir bereiten Ihnen einen unvergesslichen Urlaub! - Rent Croatia","og_url":"https:\/\/rent-croatia.com\/de\/uber-uns\/","og_site_name":"Rent Croatia","article_modified_time":"2023-08-02T14:36:19+00:00","og_image":[{"url":"https:\/\/rent-croatia.com\/wp-content\/uploads\/2023\/04\/2023-04-21-11-45-36-036.jpg","type":"","width":"","height":""}],"twitter_card":"summary_large_image","twitter_misc":{"Gesch\u00e4tzte Lesezeit":"4\u00a0Minuten"},"schema":{"@context":"https:\/\/schema.org","@graph":[{"@type":"WebPage","@id":"https:\/\/rent-croatia.com\/de\/uber-uns\/","url":"https:\/\/rent-croatia.com\/de\/uber-uns\/","name":"Uber uns - Rent Croatia","isPartOf":{"@id":"https:\/\/rent-croatia.com\/#website"},"primaryImageOfPage":{"@id":"https:\/\/rent-croatia.com\/de\/uber-uns\/#primaryimage"},"image":{"@id":"https:\/\/rent-croatia.com\/de\/uber-uns\/#primaryimage"},"thumbnailUrl":"https:\/\/rent-croatia.com\/wp-content\/uploads\/2023\/04\/2023-04-21-11-45-36-036.jpg","datePublished":"2023-07-10T14:50:17+00:00","dateModified":"2023-08-02T14:36:19+00:00","description":"Wir sind ein Paar mit einer Leidenschaft f\u00fcr das Reisen und das Entdecken neuer Orte. Wir bereiten Ihnen einen unvergesslichen Urlaub! - Rent Croatia","breadcrumb":{"@id":"https:\/\/rent-croatia.com\/de\/uber-uns\/#breadcrumb"},"inLanguage":"de","potentialAction":[{"@type":"ReadAction","target":["https:\/\/rent-croatia.com\/de\/uber-uns\/"]}]},{"@type":"ImageObject","inLanguage":"de","@id":"https:\/\/rent-croatia.com\/de\/uber-uns\/#primaryimage","url":"https:\/\/rent-croatia.com\/wp-content\/uploads\/2023\/04\/2023-04-21-11-45-36-036.jpg","contentUrl":"https:\/\/rent-croatia.com\/wp-content\/uploads\/2023\/04\/2023-04-21-11-45-36-036.jpg"},{"@type":"BreadcrumbList","@id":"https:\/\/rent-croatia.com\/de\/uber-uns\/#breadcrumb","itemListElement":[{"@type":"ListItem","position":1,"name":"Strona g\u0142\u00f3wna","item":"https:\/\/rent-croatia.com\/"},{"@type":"ListItem","position":2,"name":"Uber uns"}]},{"@type":"WebSite","@id":"https:\/\/rent-croatia.com\/#website","url":"https:\/\/rent-croatia.com\/","name":"Rent Croatia","description":"Luxury apartments","publisher":{"@id":"https:\/\/rent-croatia.com\/#organization"},"alternateName":"Luxury Apartments","potentialAction":[{"@type":"SearchAction","target":{"@type":"EntryPoint","urlTemplate":"https:\/\/rent-croatia.com\/?s={search_term_string}"},"query-input":{"@type":"PropertyValueSpecification","valueRequired":true,"valueName":"search_term_string"}}],"inLanguage":"de"},{"@type":"Organization","@id":"https:\/\/rent-croatia.com\/#organization","name":"Rent Croatia","alternateName":"Luxury Apartments","url":"https:\/\/rent-croatia.com\/","logo":{"@type":"ImageObject","inLanguage":"de","@id":"https:\/\/rent-croatia.com\/#\/schema\/logo\/image\/","url":"https:\/\/rent-croatia.com\/wp-content\/uploads\/2020\/02\/Rent-Croatia-Luxury-Apartments.png","contentUrl":"https:\/\/rent-croatia.com\/wp-content\/uploads\/2020\/02\/Rent-Croatia-Luxury-Apartments.png","width":606,"height":236,"caption":"Rent Croatia"},"image":{"@id":"https:\/\/rent-croatia.com\/#\/schema\/logo\/image\/"}}]}},"_links":{"self":[{"href":"https:\/\/rent-croatia.com\/de\/wp-json\/wp\/v2\/pages\/7111","targetHints":{"allow":["GET"]}}],"collection":[{"href":"https:\/\/rent-croatia.com\/de\/wp-json\/wp\/v2\/pages"}],"about":[{"href":"https:\/\/rent-croatia.com\/de\/wp-json\/wp\/v2\/types\/page"}],"author":[{"embeddable":true,"href":"https:\/\/rent-croatia.com\/de\/wp-json\/wp\/v2\/users\/1"}],"replies":[{"embeddable":true,"href":"https:\/\/rent-croatia.com\/de\/wp-json\/wp\/v2\/comments?post=7111"}],"version-history":[{"count":12,"href":"https:\/\/rent-croatia.com\/de\/wp-json\/wp\/v2\/pages\/7111\/revisions"}],"predecessor-version":[{"id":7629,"href":"https:\/\/rent-croatia.com\/de\/wp-json\/wp\/v2\/pages\/7111\/revisions\/7629"}],"wp:attachment":[{"href":"https:\/\/rent-croatia.com\/de\/wp-json\/wp\/v2\/media?parent=7111"}],"curies":[{"name":"wp","href":"https:\/\/api.w.org\/{rel}","templated":true}]}}